{"id":19,"date":"2019-09-02T16:23:04","date_gmt":"2019-09-02T14:23:04","guid":{"rendered":"http:\/\/polvoraypatrimonio.org\/?page_id=19"},"modified":"2024-05-06T19:52:23","modified_gmt":"2024-05-06T17:52:23","slug":"documentacion","status":"publish","type":"page","link":"https:\/\/polvoraypatrimonio.org\/index.php\/documentacion\/","title":{"rendered":"Normativa"},"content":{"rendered":"<p><strong style=\"line-height: 1.5;\">Explosivos<br \/>\n<\/strong><span style=\"color: #000000;\"><strong>\u2022<\/strong> \u00a0Directiva del Consejo de las Comunidades Europeas\u00a0<\/span><span style=\"line-height: 1.5;\">relativa a la armonizaci\u00f3n de las disposiciones sobre la puesta en el<br \/>\nmercado\u00a0<\/span><span style=\"line-height: 1.5;\">y el control de\u00a0los explosivos con fines civiles (Directiva\u00a0<\/span><span style=\"line-height: 24px;\">93\/15\/CEE) [<strong><a href=\"http:\/\/polvoraypatrimonio.org\/wp-content\/uploads\/2020\/03\/Directiva-93-15-CEE.pdf\" target=\"_blank\" rel=\"noopener noreferrer\">pdf<\/a><\/strong>]<br \/>\n<\/span><span style=\"color: #000000;\"><strong>\u2022<\/strong> \u00a0Directiva de la Comisi\u00f3n Europea relativa a la identificaci\u00f3n de art\u00edculos pirot\u00e9cnicos y ciertos tipos de munici\u00f3n, a efectos de<br \/>\nla\u00a0Directiva 93\/15\/CEE del Consejo relativa a la armonizaci\u00f3n de las disposiciones sobre la puesta en e<\/span><span style=\"color: #000000;\">l mercado y el control de<br \/>\nlos\u00a0explosivos con fines civiles (Directiva 2004\/57\/CE) [<strong><a href=\"http:\/\/polvoraypatrimonio.org\/wp-content\/uploads\/2020\/03\/Directiva-2004-57-CE.pdf\" target=\"_blank\" rel=\"noopener noreferrer\">pdf<\/a><\/strong>]<br \/>\n<\/span><span style=\"color: #000000;\"><strong>\u2022<\/strong> \u00a0Directiva del Parlamento Europeo y del Consejo de las Comunidades Europeas\u00a0relativa a la armonizaci\u00f3n de las legislaciones de<br \/>\nlos Estados miembros en materia de\u00a0comercializaci\u00f3n y control de explosivos con fines civiles (refundici\u00f3n) (Directiva<br \/>\n2014\/28\/UE) [<strong><a href=\"http:\/\/polvoraypatrimonio.org\/wp-content\/uploads\/2020\/03\/Directiva-2014-28-UE.pdf\" target=\"_blank\" rel=\"noopener noreferrer\">pdf<\/a><\/strong>]<br \/>\n<\/span><span style=\"color: #000000;\"><strong>\u2022<\/strong> \u00a0Reglamento de explosivos (Real Decreto 130\/2017, de 24 de febrero) \u00a0[<a href=\"http:\/\/polvoraypatrimonio.org\/wp-content\/uploads\/2020\/03\/RD-130-2017.pdf\" target=\"_blank\" rel=\"noopener noreferrer\"><span style=\"color: #333333;\"><strong>pdf<\/strong><\/span><\/a>]<br \/>\n<\/span><span style=\"color: #000000;\"><strong>\u2022<\/strong> \u00a0Instrucci\u00f3n t\u00e9cnica complementaria n\u00ba 26 del Reglamento de Explosivos, sobre \u00abManifestaciones festivas con uso de armas de<br \/>\navancarga\u00bb [<a href=\"http:\/\/polvoraypatrimonio.org\/wp-content\/uploads\/2019\/09\/ITC26.pdf\" target=\"_blank\" rel=\"noopener noreferrer\"><span style=\"color: #333333;\"><strong>pdf<\/strong><\/span><\/a>]<\/span><\/p>\n<p><span style=\"color: #000000;\"><strong>Art\u00edculos pirot\u00e9nicos y cartucher\u00eda<br \/>\n\u2022<\/strong> \u00a0<\/span><span style=\"color: #000000;\">Directiva de la Comisi\u00f3n de las Comunidades Europeas sobre la puesta en mercado de art\u00edculos pirot\u00e9cnicos (Directiva<br \/>\n2007\/23\/CE) [<strong><a href=\"http:\/\/polvoraypatrimonio.org\/wp-content\/uploads\/2020\/03\/Directiva-2007-23-CE.pdf\" target=\"_blank\" rel=\"noopener noreferrer\">pdf<\/a><\/strong>]<br \/>\n<strong>\u2022<\/strong> \u00a0<\/span><span style=\"color: #000000;\">Reglamento de art\u00edculos pirot\u00e9cnicos y de cartucher\u00eda (Real Decreto 563\/2010, de 7 de mayo) [<a href=\"http:\/\/polvoraypatrimonio.org\/wp-content\/uploads\/2020\/03\/RD-563-2010.pdf\" target=\"_blank\" rel=\"noopener noreferrer\"><span style=\"color: #333333;\"><strong>pdf<\/strong><\/span><\/a>]<\/span><\/p>\n<p><strong>Armas<br \/>\n<\/strong><span style=\"color: #000000;\"><strong>\u2022<\/strong> \u00a0<\/span>Real Decreto por el que se aprueba el Reglamento de Armas (Real Decreto 137-1993) [<strong><a href=\"http:\/\/polvoraypatrimonio.org\/wp-content\/uploads\/2020\/03\/RD-137-1993.pdf\" target=\"_blank\" rel=\"noopener noreferrer\">pdf<\/a><\/strong>]<\/p>\n","protected":false},"excerpt":{"rendered":"<p>Explosivos \u2022 \u00a0Directiva del Consejo de las Comunidades Europeas\u00a0relativa a la armonizaci\u00f3n de las disposiciones sobre la puesta en el mercado\u00a0y el control de\u00a0los explosivos con fines civiles (Directiva\u00a093\/15\/CEE) [pdf] \u2022 \u00a0Directiva de la Comisi\u00f3n &hellip;<\/p>\n","protected":false},"author":1,"featured_media":0,"parent":0,"menu_order":0,"comment_status":"closed","ping_status":"closed","template":"template-centered.php","meta":{"footnotes":""},"class_list":["post-19","page","type-page","status-publish","hentry"],"_links":{"self":[{"href":"https:\/\/polvoraypatrimonio.org\/index.php\/wp-json\/wp\/v2\/pages\/19","targetHints":{"allow":["GET"]}}],"collection":[{"href":"https:\/\/polvoraypatrimonio.org\/index.php\/wp-json\/wp\/v2\/pages"}],"about":[{"href":"https:\/\/polvoraypatrimonio.org\/index.php\/wp-json\/wp\/v2\/types\/page"}],"author":[{"embeddable":true,"href":"https:\/\/polvoraypatrimonio.org\/index.php\/wp-json\/wp\/v2\/users\/1"}],"replies":[{"embeddable":true,"href":"https:\/\/polvoraypatrimonio.org\/index.php\/wp-json\/wp\/v2\/comments?post=19"}],"version-history":[{"count":15,"href":"https:\/\/polvoraypatrimonio.org\/index.php\/wp-json\/wp\/v2\/pages\/19\/revisions"}],"predecessor-version":[{"id":278,"href":"https:\/\/polvoraypatrimonio.org\/index.php\/wp-json\/wp\/v2\/pages\/19\/revisions\/278"}],"wp:attachment":[{"href":"https:\/\/polvoraypatrimonio.org\/index.php\/wp-json\/wp\/v2\/media?parent=19"}],"curies":[{"name":"wp","href":"https:\/\/api.w.org\/{rel}","templated":true}]}}