{"id":180,"date":"2019-09-11T13:42:56","date_gmt":"2019-09-11T11:42:56","guid":{"rendered":"http:\/\/polvoraypatrimonio.org\/?page_id=180"},"modified":"2024-05-06T19:49:07","modified_gmt":"2024-05-06T17:49:07","slug":"ultimas-noticias","status":"publish","type":"page","link":"https:\/\/polvoraypatrimonio.org\/","title":{"rendered":"\u00daltimas noticias"},"content":{"rendered":"<p><strong>Reuni\u00f3n de los Pueblos de la P\u00f3lvora<br \/>\nElda, 16-2-2020<\/strong><\/p>\n<p>El d\u00eda 16 de febrero de 2020 se celebr\u00f3 una nueva reuni\u00f3n de los Pueblos de la P\u00f3lvora en la sede de la Junta Central de Comparsas de Moros y Cristianos de Elda (Alicante), a la que asistieron representantes de las entidades festeras de Yecla, Villena, Sax, Petrer, Elda, Almansa y Caudete (con la adhesi\u00f3n, en ausencia, de Ontinyent). El encuentro ten\u00eda por objeto hacer un an\u00e1lisis general de la situaci\u00f3n y considerar los pasos a dar a corto y medio plazo con vistas a alcanzar los fines que desde el principio se ha marcado esta iniciativa conjunta: por un lado, resolver los problemas y dificultades que a d\u00eda de hoy encuentran las distintas poblaciones para la adquisici\u00f3n, distribuci\u00f3n y disposici\u00f3n de la p\u00f3lvora que utilizan en sus actos de disparo de arcabucer\u00eda, y, por otro, conseguir el establecimiento de un marco normativo y administrativo que garantice que el proceso se desarrolla de conformidad con las necesidades y caracter\u00edsticas de las diferentes fiestas y localidades.<\/p>\n<figure id=\"attachment_252\" aria-describedby=\"caption-attachment-252\" style=\"width: 504px\" class=\"wp-caption alignright\"><img loading=\"lazy\" decoding=\"async\" class=\"wp-image-252\" src=\"http:\/\/polvoraypatrimonio.org\/wp-content\/uploads\/2020\/02\/PP16-2-2020-1-rotated.jpg\" alt=\"Reuni\u00f3n de los Pueblos de la P\u00f3lvora en Elda (16-2-2020)\" width=\"504\" height=\"241\" srcset=\"https:\/\/polvoraypatrimonio.org\/wp-content\/uploads\/2020\/02\/PP16-2-2020-1-rotated.jpg 2019w, https:\/\/polvoraypatrimonio.org\/wp-content\/uploads\/2020\/02\/PP16-2-2020-1-300x144.jpg 300w, https:\/\/polvoraypatrimonio.org\/wp-content\/uploads\/2020\/02\/PP16-2-2020-1-1024x490.jpg 1024w, https:\/\/polvoraypatrimonio.org\/wp-content\/uploads\/2020\/02\/PP16-2-2020-1-768x367.jpg 768w, https:\/\/polvoraypatrimonio.org\/wp-content\/uploads\/2020\/02\/PP16-2-2020-1-1536x735.jpg 1536w\" sizes=\"auto, (max-width: 504px) 100vw, 504px\" \/><figcaption id=\"caption-attachment-252\" class=\"wp-caption-text\">Asistentes a la reuni\u00f3n<\/figcaption><\/figure>\n<p>La reuni\u00f3n dedic\u00f3, por ello, amplio espacio al examen del desarrollo y consecuencias de las iniciativas puestas en marcha durante los meses de agosto y septiembre, con especial atenci\u00f3n a la reuni\u00f3n mantenida con la Subdirecci\u00f3n General de Minas el 25 de octubre en la sede del entonces Ministerio para la Transici\u00f3n Ecol\u00f3gica, as\u00ed como a los cambios y noticias producidos desde entonces hasta el presente.<\/p>\n<p>El informe presentado sobre lo tratado en dicha reuni\u00f3n sirvi\u00f3 en buena medida, de hecho, para orientar las decisiones que se adoptaron en relaci\u00f3n con las iniciativas que los Pueblos de la P\u00f3lvora se proponen abordar con car\u00e1cter inmediato, sustanciadas en tres \u00e1mbitos: en primer lugar, de conformidad con la informaci\u00f3n aportada por la Subdirecci\u00f3n General de Minas, se acord\u00f3 dirigirse a diversas empresas pirot\u00e9cnicas a fin de instar la puesta en marcha de alternativas para el suministro de p\u00f3lvora negra de arcabuz que rompa la actual situaci\u00f3n de monopolio <em>de facto<\/em> que ejerce, con nefastas consecuencias, una conocida empresa; en segundo lugar, se acord\u00f3 solicitar nueva reuni\u00f3n ante otras instancias ministeriales con competencia en el reparto y distribuci\u00f3n de la p\u00f3lvora, a fin de ir presentando las demandas y propuestas de soluci\u00f3n elaboradas por los Pueblos de la P\u00f3lvora ante todos los organismos interesados; por \u00faltimo, se decidi\u00f3 iniciar el proceso de discusi\u00f3n para dotar a la mayor brevedad a los Pueblos de la P\u00f3lvora de una entidad jur\u00eddica y administrativa que los capacite para actuar con eficacia y garant\u00edas ante todas las instancias con las que deban tratar para dar cumplimiento a sus fines.<\/p>\n<p>En relaci\u00f3n con este \u00faltimo punto, el parecer un\u00e1nime de los asistentes fue que la entidad que se constituyese no tendr\u00eda m\u00e1s \u00e1mbito de actuaci\u00f3n que el espec\u00edfico de la p\u00f3lvora negra y los actos de disparo de arcabucer\u00eda, y que por ello ser\u00eda especialmente bienvenida toda colaboraci\u00f3n o incorporaci\u00f3n de cualquier otra instancia interesada en dichas cuestiones.<\/p>\n<p>&nbsp;<\/p>\n","protected":false},"excerpt":{"rendered":"<p>Reuni\u00f3n de los Pueblos de la P\u00f3lvora Elda, 16-2-2020 El d\u00eda 16 de febrero de 2020 se celebr\u00f3 una nueva reuni\u00f3n de los Pueblos de la P\u00f3lvora en la sede de la Junta Central de &hellip;<\/p>\n","protected":false},"author":1,"featured_media":0,"parent":0,"menu_order":0,"comment_status":"closed","ping_status":"closed","template":"template-centered.php","meta":{"footnotes":""},"class_list":["post-180","page","type-page","status-publish","hentry"],"_links":{"self":[{"href":"https:\/\/polvoraypatrimonio.org\/index.php\/wp-json\/wp\/v2\/pages\/180","targetHints":{"allow":["GET"]}}],"collection":[{"href":"https:\/\/polvoraypatrimonio.org\/index.php\/wp-json\/wp\/v2\/pages"}],"about":[{"href":"https:\/\/polvoraypatrimonio.org\/index.php\/wp-json\/wp\/v2\/types\/page"}],"author":[{"embeddable":true,"href":"https:\/\/polvoraypatrimonio.org\/index.php\/wp-json\/wp\/v2\/users\/1"}],"replies":[{"embeddable":true,"href":"https:\/\/polvoraypatrimonio.org\/index.php\/wp-json\/wp\/v2\/comments?post=180"}],"version-history":[{"count":13,"href":"https:\/\/polvoraypatrimonio.org\/index.php\/wp-json\/wp\/v2\/pages\/180\/revisions"}],"predecessor-version":[{"id":283,"href":"https:\/\/polvoraypatrimonio.org\/index.php\/wp-json\/wp\/v2\/pages\/180\/revisions\/283"}],"wp:attachment":[{"href":"https:\/\/polvoraypatrimonio.org\/index.php\/wp-json\/wp\/v2\/media?parent=180"}],"curies":[{"name":"wp","href":"https:\/\/api.w.org\/{rel}","templated":true}]}}