{"id":16,"date":"2019-09-02T16:23:04","date_gmt":"2019-09-02T14:23:04","guid":{"rendered":"http:\/\/polvoraypatrimonio.org\/?page_id=16"},"modified":"2024-05-06T19:51:57","modified_gmt":"2024-05-06T17:51:57","slug":"entidades-adheridas","status":"publish","type":"page","link":"https:\/\/polvoraypatrimonio.org\/index.php\/entidades-adheridas\/","title":{"rendered":"Entidades adheridas"},"content":{"rendered":"<p>Agrupaci\u00f3n de Comparsas de Moros y Cristianos, de Almansa (Albacete)<br \/>\nAsociaci\u00f3n de Comparsas \u00abNtra. Sra. de Gracia\u00bb, de Caudete (Albacete)<br \/>\nJunta Central de Comparsas de Moros y Cristianos, de Elda (Alicante)<br \/>\nSocietat de Festers del Sant\u00edssim Crist de l\u2019Agonia de Ontinyent (Val\u00e8ncia)<br \/>\nJunta Central de Fiestas de Moros y Cristianos, de Villena (Alicante)<br \/>\nAsociaci\u00f3n de Mayordomos de la Pur\u00edsima Concepci\u00f3n, de Yecla (Murcia)<\/p>\n<p>&nbsp;<\/p>\n","protected":false},"excerpt":{"rendered":"<p>Agrupaci\u00f3n de Comparsas de Moros y Cristianos, de Almansa (Albacete) Asociaci\u00f3n de Comparsas \u00abNtra. Sra. de Gracia\u00bb, de Caudete (Albacete) Junta Central de Comparsas de Moros y Cristianos, de Elda (Alicante) Societat de Festers del &hellip;<\/p>\n","protected":false},"author":1,"featured_media":0,"parent":0,"menu_order":0,"comment_status":"closed","ping_status":"closed","template":"template-centered.php","meta":{"footnotes":""},"class_list":["post-16","page","type-page","status-publish","hentry"],"_links":{"self":[{"href":"https:\/\/polvoraypatrimonio.org\/index.php\/wp-json\/wp\/v2\/pages\/16","targetHints":{"allow":["GET"]}}],"collection":[{"href":"https:\/\/polvoraypatrimonio.org\/index.php\/wp-json\/wp\/v2\/pages"}],"about":[{"href":"https:\/\/polvoraypatrimonio.org\/index.php\/wp-json\/wp\/v2\/types\/page"}],"author":[{"embeddable":true,"href":"https:\/\/polvoraypatrimonio.org\/index.php\/wp-json\/wp\/v2\/users\/1"}],"replies":[{"embeddable":true,"href":"https:\/\/polvoraypatrimonio.org\/index.php\/wp-json\/wp\/v2\/comments?post=16"}],"version-history":[{"count":9,"href":"https:\/\/polvoraypatrimonio.org\/index.php\/wp-json\/wp\/v2\/pages\/16\/revisions"}],"predecessor-version":[{"id":254,"href":"https:\/\/polvoraypatrimonio.org\/index.php\/wp-json\/wp\/v2\/pages\/16\/revisions\/254"}],"wp:attachment":[{"href":"https:\/\/polvoraypatrimonio.org\/index.php\/wp-json\/wp\/v2\/media?parent=16"}],"curies":[{"name":"wp","href":"https:\/\/api.w.org\/{rel}","templated":true}]}}